{"id":81,"date":"2021-03-26T10:15:45","date_gmt":"2021-03-26T10:15:45","guid":{"rendered":"https:\/\/lecadreblanc.fr\/?page_id=81"},"modified":"2021-04-27T12:59:38","modified_gmt":"2021-04-27T12:59:38","slug":"caisse-americaine-contemporain","status":"publish","type":"page","link":"https:\/\/lecadreblanc.fr\/index.php\/caisse-americaine-contemporain\/","title":{"rendered":"Les caisses am\u00e9ricaines aux allures contemporaines"},"content":{"rendered":"<p><div class=\"fusion-fullwidth fullwidth-box fusion-builder-row-1 fusion-flex-container nonhundred-percent-fullwidth non-hundred-percent-height-scrolling\" style=\"--awb-border-radius-top-left:0px;--awb-border-radius-top-right:0px;--awb-border-radius-bottom-right:0px;--awb-border-radius-bottom-left:0px;--awb-flex-wrap:wrap;\" ><div class=\"fusion-builder-row fusion-row fusion-flex-align-items-flex-start fusion-flex-content-wrap\" style=\"max-width:1216.8px;margin-left: calc(-4% \/ 2 );margin-right: calc(-4% \/ 2 );\"><div class=\"fusion-layout-column fusion_builder_column fusion-builder-column-0 fusion_builder_column_1_1 1_1 fusion-flex-column\" style=\"--awb-bg-size:cover;--awb-width-large:100%;--awb-margin-top-large:0px;--awb-spacing-right-large:1.92%;--awb-margin-bottom-large:0px;--awb-spacing-left-large:1.92%;--awb-width-medium:100%;--awb-spacing-right-medium:1.92%;--awb-spacing-left-medium:1.92%;--awb-width-small:100%;--awb-spacing-right-small:1.92%;--awb-spacing-left-small:1.92%;\"><div class=\"fusion-column-wrapper fusion-flex-justify-content-flex-start fusion-content-layout-column\"><div class=\"fusion-text fusion-text-1\"><div id=\"rtcc-nm-installed\">\n<p><em><strong>En bois ou en aluminium, la caisse am\u00e9ricaine permet \u00e0 l\u2019\u0153uvre, qu\u2019elle soit sur ch\u00e2ssis entoil\u00e9 ou en tirage photographique contrecoll\u00e9 sur Dibond, de flotter au centre de l\u2019encadrement.<\/strong><\/em><\/p>\n<p>En aluminium, nous vous proposerons une finition granit\u00e9 pour une touch\u00e9 plus agr\u00e9able et surtout plus r\u00e9sistant aux rayures. En noir ou en blanc, le choix de couleur devra \u00eatre en harmonie avec son \u0153uvre.<\/p>\n<p>En bois, la couleur ch\u00eane clair, en plus des classiques, permet des cr\u00e9ations plus personnalis\u00e9es pour une finition unique et exclusive.<\/p>\n<\/div>\n<div id=\"rtcc-nm-installed\"><\/div>\n<div id=\"rtcc-nm-installed\"><\/div>\n<\/div><\/div><\/div><div class=\"fusion-layout-column fusion_builder_column fusion-builder-column-1 fusion_builder_column_1_3 1_3 fusion-flex-column\" style=\"--awb-bg-size:cover;--awb-width-large:33.333333333333%;--awb-margin-top-large:0px;--awb-spacing-right-large:5.76%;--awb-margin-bottom-large:20px;--awb-spacing-left-large:5.76%;--awb-width-medium:33.333333333333%;--awb-order-medium:0;--awb-spacing-right-medium:5.76%;--awb-spacing-left-medium:5.76%;--awb-width-small:100%;--awb-order-small:0;--awb-spacing-right-small:1.92%;--awb-spacing-left-small:1.92%;\"><div class=\"fusion-column-wrapper fusion-column-has-shadow fusion-flex-justify-content-flex-start fusion-content-layout-column\"><a class=\"awb-lightbox awb-lightbox-1\" href=\"https:\/\/lecadreblanc.fr\/wp-content\/uploads\/2021\/03\/Caisse-ame\u0301ricaine-au-dessus-canape\u0301.jpg\" data-rel=\"iLightbox\"><img decoding=\"async\" src=\"https:\/\/lecadreblanc.fr\/wp-content\/uploads\/2021\/03\/Caisse-ame\u0301ricaine-au-dessus-canape\u0301.jpg\"><\/a><\/div><\/div><div class=\"fusion-layout-column fusion_builder_column fusion-builder-column-2 fusion_builder_column_1_3 1_3 fusion-flex-column\" style=\"--awb-bg-size:cover;--awb-width-large:33.333333333333%;--awb-margin-top-large:0px;--awb-spacing-right-large:5.76%;--awb-margin-bottom-large:20px;--awb-spacing-left-large:5.76%;--awb-width-medium:33.333333333333%;--awb-order-medium:0;--awb-spacing-right-medium:5.76%;--awb-spacing-left-medium:5.76%;--awb-width-small:100%;--awb-order-small:0;--awb-spacing-right-small:1.92%;--awb-spacing-left-small:1.92%;\"><div class=\"fusion-column-wrapper fusion-column-has-shadow fusion-flex-justify-content-flex-start fusion-content-layout-column\"><a class=\"awb-lightbox awb-lightbox-2\" href=\"https:\/\/lecadreblanc.fr\/wp-content\/uploads\/2021\/03\/Caisse-ame\u0301ricaine-aluminium-noir-granite\u0301.jpg\" data-rel=\"iLightbox\"><img decoding=\"async\" src=\"https:\/\/lecadreblanc.fr\/wp-content\/uploads\/2021\/03\/Caisse-ame\u0301ricaine-aluminium-noir-granite\u0301.jpg\"><\/a><\/div><\/div><div class=\"fusion-layout-column fusion_builder_column fusion-builder-column-3 fusion_builder_column_1_3 1_3 fusion-flex-column\" style=\"--awb-bg-size:cover;--awb-width-large:33.333333333333%;--awb-margin-top-large:0px;--awb-spacing-right-large:5.76%;--awb-margin-bottom-large:20px;--awb-spacing-left-large:5.76%;--awb-width-medium:33.333333333333%;--awb-order-medium:0;--awb-spacing-right-medium:5.76%;--awb-spacing-left-medium:5.76%;--awb-width-small:100%;--awb-order-small:0;--awb-spacing-right-small:1.92%;--awb-spacing-left-small:1.92%;\"><div class=\"fusion-column-wrapper fusion-column-has-shadow fusion-flex-justify-content-flex-start fusion-content-layout-column\"><a class=\"awb-lightbox awb-lightbox-3\" href=\"https:\/\/lecadreblanc.fr\/wp-content\/uploads\/2021\/03\/Caisse-ame\u0301ricaine-aluminium-noir-granite\u0301-de\u0301tail.jpg\" data-rel=\"iLightbox\"><img decoding=\"async\" src=\"https:\/\/lecadreblanc.fr\/wp-content\/uploads\/2021\/03\/Caisse-ame\u0301ricaine-aluminium-noir-granite\u0301-de\u0301tail.jpg\"><\/a><\/div><\/div><\/div><\/div><div class=\"fusion-fullwidth fullwidth-box fusion-builder-row-2 fusion-flex-container nonhundred-percent-fullwidth non-hundred-percent-height-scrolling\" style=\"--awb-border-radius-top-left:0px;--awb-border-radius-top-right:0px;--awb-border-radius-bottom-right:0px;--awb-border-radius-bottom-left:0px;--awb-flex-wrap:wrap;\" ><div class=\"fusion-builder-row fusion-row fusion-flex-align-items-flex-start fusion-flex-content-wrap\" style=\"max-width:1216.8px;margin-left: calc(-4% \/ 2 );margin-right: calc(-4% \/ 2 );\"><div class=\"fusion-layout-column fusion_builder_column fusion-builder-column-4 fusion_builder_column_1_3 1_3 fusion-flex-column\" style=\"--awb-bg-size:cover;--awb-width-large:33.333333333333%;--awb-margin-top-large:0px;--awb-spacing-right-large:5.76%;--awb-margin-bottom-large:20px;--awb-spacing-left-large:5.76%;--awb-width-medium:33.333333333333%;--awb-order-medium:0;--awb-spacing-right-medium:5.76%;--awb-spacing-left-medium:5.76%;--awb-width-small:100%;--awb-order-small:0;--awb-spacing-right-small:1.92%;--awb-spacing-left-small:1.92%;\"><div class=\"fusion-column-wrapper fusion-column-has-shadow fusion-flex-justify-content-flex-start fusion-content-layout-column\"><a class=\"awb-lightbox awb-lightbox-4\" href=\"https:\/\/lecadreblanc.fr\/wp-content\/uploads\/2021\/04\/Caisse-ame\u0301ricaine-bois-Metropolitain-632-de\u0301tail-face.jpg\" data-rel=\"iLightbox\"><img decoding=\"async\" src=\"https:\/\/lecadreblanc.fr\/wp-content\/uploads\/2021\/04\/Caisse-ame\u0301ricaine-bois-Metropolitain-632-de\u0301tail-face.jpg\"><\/a><\/div><\/div><div class=\"fusion-layout-column fusion_builder_column fusion-builder-column-5 fusion_builder_column_1_3 1_3 fusion-flex-column\" style=\"--awb-bg-size:cover;--awb-width-large:33.333333333333%;--awb-margin-top-large:0px;--awb-spacing-right-large:5.76%;--awb-margin-bottom-large:20px;--awb-spacing-left-large:5.76%;--awb-width-medium:33.333333333333%;--awb-order-medium:0;--awb-spacing-right-medium:5.76%;--awb-spacing-left-medium:5.76%;--awb-width-small:100%;--awb-order-small:0;--awb-spacing-right-small:1.92%;--awb-spacing-left-small:1.92%;\"><div class=\"fusion-column-wrapper fusion-column-has-shadow fusion-flex-justify-content-flex-start fusion-content-layout-column\"><a class=\"awb-lightbox awb-lightbox-5\" href=\"https:\/\/lecadreblanc.fr\/wp-content\/uploads\/2021\/04\/Caisse-ame\u0301ricaine-bois-Metropolitain.jpg\" data-rel=\"iLightbox\"><img decoding=\"async\" src=\"https:\/\/lecadreblanc.fr\/wp-content\/uploads\/2021\/04\/Caisse-ame\u0301ricaine-bois-Metropolitain.jpg\"><\/a><\/div><\/div><div class=\"fusion-layout-column fusion_builder_column fusion-builder-column-6 fusion_builder_column_1_3 1_3 fusion-flex-column\" style=\"--awb-bg-size:cover;--awb-width-large:33.333333333333%;--awb-margin-top-large:0px;--awb-spacing-right-large:5.76%;--awb-margin-bottom-large:20px;--awb-spacing-left-large:5.76%;--awb-width-medium:33.333333333333%;--awb-order-medium:0;--awb-spacing-right-medium:5.76%;--awb-spacing-left-medium:5.76%;--awb-width-small:100%;--awb-order-small:0;--awb-spacing-right-small:1.92%;--awb-spacing-left-small:1.92%;\"><div class=\"fusion-column-wrapper fusion-column-has-shadow fusion-flex-justify-content-flex-start fusion-content-layout-column\"><a class=\"awb-lightbox awb-lightbox-6\" href=\"https:\/\/lecadreblanc.fr\/wp-content\/uploads\/2021\/04\/Caisse-ame\u0301ricaine-bois-Metropolitain-632-de\u0301tail-profil.jpg\" data-rel=\"iLightbox\"><img decoding=\"async\" src=\"https:\/\/lecadreblanc.fr\/wp-content\/uploads\/2021\/04\/Caisse-ame\u0301ricaine-bois-Metropolitain-632-de\u0301tail-profil.jpg\"><\/a><\/div><\/div><\/div><\/div><\/p>\n","protected":false},"excerpt":{"rendered":"","protected":false},"author":2,"featured_media":0,"parent":0,"menu_order":0,"comment_status":"closed","ping_status":"closed","template":"","meta":{"footnotes":""},"yoast_head":"<!-- This site is optimized with the Yoast SEO plugin v22.7 - https:\/\/yoast.com\/wordpress\/plugins\/seo\/ -->\n<title>Les caisses am\u00e9ricaines aux allures contemporaines - Le Cadre Blanc - Encadrement sur mesure<\/title>\n<meta name=\"robots\" content=\"index, follow, max-snippet:-1, max-image-preview:large, max-video-preview:-1\" \/>\n<link rel=\"canonical\" href=\"https:\/\/lecadreblanc.fr\/index.php\/caisse-americaine-contemporain\/\" \/>\n<meta property=\"og:locale\" content=\"fr_FR\" \/>\n<meta property=\"og:type\" content=\"article\" \/>\n<meta property=\"og:title\" content=\"Les caisses am\u00e9ricaines aux allures contemporaines - Le Cadre Blanc - Encadrement sur mesure\" \/>\n<meta property=\"og:url\" content=\"https:\/\/lecadreblanc.fr\/index.php\/caisse-americaine-contemporain\/\" \/>\n<meta property=\"og:site_name\" content=\"Le Cadre Blanc - Encadrement sur mesure\" \/>\n<meta property=\"article:modified_time\" content=\"2021-04-27T12:59:38+00:00\" \/>\n<meta name=\"twitter:card\" content=\"summary_large_image\" \/>\n<meta name=\"twitter:label1\" content=\"Dur\u00e9e de lecture estim\u00e9e\" \/>\n\t<meta name=\"twitter:data1\" content=\"11 minutes\" \/>\n<script type=\"application\/ld+json\" class=\"yoast-schema-graph\">{\"@context\":\"https:\/\/schema.org\",\"@graph\":[{\"@type\":\"WebPage\",\"@id\":\"https:\/\/lecadreblanc.fr\/index.php\/caisse-americaine-contemporain\/\",\"url\":\"https:\/\/lecadreblanc.fr\/index.php\/caisse-americaine-contemporain\/\",\"name\":\"Les caisses am\u00e9ricaines aux allures contemporaines - Le Cadre Blanc - Encadrement sur mesure\",\"isPartOf\":{\"@id\":\"https:\/\/lecadreblanc.fr\/#website\"},\"datePublished\":\"2021-03-26T10:15:45+00:00\",\"dateModified\":\"2021-04-27T12:59:38+00:00\",\"breadcrumb\":{\"@id\":\"https:\/\/lecadreblanc.fr\/index.php\/caisse-americaine-contemporain\/#breadcrumb\"},\"inLanguage\":\"fr-FR\",\"potentialAction\":[{\"@type\":\"ReadAction\",\"target\":[\"https:\/\/lecadreblanc.fr\/index.php\/caisse-americaine-contemporain\/\"]}]},{\"@type\":\"BreadcrumbList\",\"@id\":\"https:\/\/lecadreblanc.fr\/index.php\/caisse-americaine-contemporain\/#breadcrumb\",\"itemListElement\":[{\"@type\":\"ListItem\",\"position\":1,\"name\":\"Home\",\"item\":\"https:\/\/lecadreblanc.fr\/\"},{\"@type\":\"ListItem\",\"position\":2,\"name\":\"Les caisses am\u00e9ricaines aux allures contemporaines\"}]},{\"@type\":\"WebSite\",\"@id\":\"https:\/\/lecadreblanc.fr\/#website\",\"url\":\"https:\/\/lecadreblanc.fr\/\",\"name\":\"Le Cadre Blanc - Encadrement sur mesure\",\"description\":\"Encadrement d&#039;Art sur mesure - La passion de l&#039;exigence\",\"potentialAction\":[{\"@type\":\"SearchAction\",\"target\":{\"@type\":\"EntryPoint\",\"urlTemplate\":\"https:\/\/lecadreblanc.fr\/?s={search_term_string}\"},\"query-input\":\"required name=search_term_string\"}],\"inLanguage\":\"fr-FR\"}]}<\/script>\n<!-- \/ Yoast SEO plugin. -->","yoast_head_json":{"title":"Les caisses am\u00e9ricaines aux allures contemporaines - Le Cadre Blanc - Encadrement sur mesure","robots":{"index":"index","follow":"follow","max-snippet":"max-snippet:-1","max-image-preview":"max-image-preview:large","max-video-preview":"max-video-preview:-1"},"canonical":"https:\/\/lecadreblanc.fr\/index.php\/caisse-americaine-contemporain\/","og_locale":"fr_FR","og_type":"article","og_title":"Les caisses am\u00e9ricaines aux allures contemporaines - Le Cadre Blanc - Encadrement sur mesure","og_url":"https:\/\/lecadreblanc.fr\/index.php\/caisse-americaine-contemporain\/","og_site_name":"Le Cadre Blanc - Encadrement sur mesure","article_modified_time":"2021-04-27T12:59:38+00:00","twitter_card":"summary_large_image","twitter_misc":{"Dur\u00e9e de lecture estim\u00e9e":"11 minutes"},"schema":{"@context":"https:\/\/schema.org","@graph":[{"@type":"WebPage","@id":"https:\/\/lecadreblanc.fr\/index.php\/caisse-americaine-contemporain\/","url":"https:\/\/lecadreblanc.fr\/index.php\/caisse-americaine-contemporain\/","name":"Les caisses am\u00e9ricaines aux allures contemporaines - Le Cadre Blanc - Encadrement sur mesure","isPartOf":{"@id":"https:\/\/lecadreblanc.fr\/#website"},"datePublished":"2021-03-26T10:15:45+00:00","dateModified":"2021-04-27T12:59:38+00:00","breadcrumb":{"@id":"https:\/\/lecadreblanc.fr\/index.php\/caisse-americaine-contemporain\/#breadcrumb"},"inLanguage":"fr-FR","potentialAction":[{"@type":"ReadAction","target":["https:\/\/lecadreblanc.fr\/index.php\/caisse-americaine-contemporain\/"]}]},{"@type":"BreadcrumbList","@id":"https:\/\/lecadreblanc.fr\/index.php\/caisse-americaine-contemporain\/#breadcrumb","itemListElement":[{"@type":"ListItem","position":1,"name":"Home","item":"https:\/\/lecadreblanc.fr\/"},{"@type":"ListItem","position":2,"name":"Les caisses am\u00e9ricaines aux allures contemporaines"}]},{"@type":"WebSite","@id":"https:\/\/lecadreblanc.fr\/#website","url":"https:\/\/lecadreblanc.fr\/","name":"Le Cadre Blanc - Encadrement sur mesure","description":"Encadrement d&#039;Art sur mesure - La passion de l&#039;exigence","potentialAction":[{"@type":"SearchAction","target":{"@type":"EntryPoint","urlTemplate":"https:\/\/lecadreblanc.fr\/?s={search_term_string}"},"query-input":"required name=search_term_string"}],"inLanguage":"fr-FR"}]}},"_links":{"self":[{"href":"https:\/\/lecadreblanc.fr\/index.php\/wp-json\/wp\/v2\/pages\/81"}],"collection":[{"href":"https:\/\/lecadreblanc.fr\/index.php\/wp-json\/wp\/v2\/pages"}],"about":[{"href":"https:\/\/lecadreblanc.fr\/index.php\/wp-json\/wp\/v2\/types\/page"}],"author":[{"embeddable":true,"href":"https:\/\/lecadreblanc.fr\/index.php\/wp-json\/wp\/v2\/users\/2"}],"replies":[{"embeddable":true,"href":"https:\/\/lecadreblanc.fr\/index.php\/wp-json\/wp\/v2\/comments?post=81"}],"version-history":[{"count":16,"href":"https:\/\/lecadreblanc.fr\/index.php\/wp-json\/wp\/v2\/pages\/81\/revisions"}],"predecessor-version":[{"id":144,"href":"https:\/\/lecadreblanc.fr\/index.php\/wp-json\/wp\/v2\/pages\/81\/revisions\/144"}],"wp:attachment":[{"href":"https:\/\/lecadreblanc.fr\/index.php\/wp-json\/wp\/v2\/media?parent=81"}],"curies":[{"name":"wp","href":"https:\/\/api.w.org\/{rel}","templated":true}]}}