{"id":17,"date":"2020-11-18T14:25:05","date_gmt":"2020-11-18T14:25:05","guid":{"rendered":"https:\/\/lecadreblanc.fr\/?page_id=17"},"modified":"2021-05-07T15:47:10","modified_gmt":"2021-05-07T14:47:10","slug":"accueil","status":"publish","type":"page","link":"https:\/\/lecadreblanc.fr\/","title":{"rendered":"Accueil Atelier"},"content":{"rendered":"<p><div class=\"fusion-fullwidth fullwidth-box fusion-builder-row-1 fusion-flex-container nonhundred-percent-fullwidth non-hundred-percent-height-scrolling\" style=\"--awb-border-radius-top-left:0px;--awb-border-radius-top-right:0px;--awb-border-radius-bottom-right:0px;--awb-border-radius-bottom-left:0px;--awb-flex-wrap:wrap;\" ><div class=\"fusion-builder-row fusion-row fusion-flex-align-items-flex-start fusion-flex-content-wrap\" style=\"max-width:1216.8px;margin-left: calc(-4% \/ 2 );margin-right: calc(-4% \/ 2 );\"><div class=\"fusion-layout-column fusion_builder_column fusion-builder-column-0 fusion_builder_column_1_2 1_2 fusion-flex-column\" style=\"--awb-bg-size:cover;--awb-width-large:50%;--awb-margin-top-large:0px;--awb-spacing-right-large:3.84%;--awb-margin-bottom-large:20px;--awb-spacing-left-large:3.84%;--awb-width-medium:50%;--awb-order-medium:0;--awb-spacing-right-medium:3.84%;--awb-spacing-left-medium:3.84%;--awb-width-small:100%;--awb-order-small:0;--awb-spacing-right-small:1.92%;--awb-spacing-left-small:1.92%;\"><div class=\"fusion-column-wrapper fusion-column-has-shadow fusion-flex-justify-content-flex-start fusion-content-layout-column\"><div class=\"fusion-title title fusion-title-1 fusion-title-text fusion-title-size-three\" style=\"--awb-text-color:#000000;--awb-sep-color:#000000;\"><div class=\"title-sep-container title-sep-container-left fusion-no-large-visibility fusion-no-medium-visibility fusion-no-small-visibility\"><div class=\"title-sep sep-single sep-solid\" style=\"border-color:#000000;\"><\/div><\/div><span class=\"awb-title-spacer fusion-no-large-visibility fusion-no-medium-visibility fusion-no-small-visibility\"><\/span><h3 class=\"fusion-title-heading title-heading-left\" style=\"margin:0;\"><p>Encadrement passe-partout &#8211; \u201cEl\u00e9gance\u201d<\/p>\n<div id=\"rtcc-nm-installed\"><\/div>\n<div id=\"rtcc-nm-installed\"><\/div>\n<div id=\"rtcc-nm-installed\"><\/div>\n<div id=\"rtcc-nm-installed\"><\/div>\n<div id=\"rtcc-nm-installed\"><\/div>\n<div id=\"rtcc-nm-installed\"><\/div><\/h3><span class=\"awb-title-spacer\"><\/span><div class=\"title-sep-container title-sep-container-right\"><div class=\"title-sep sep-single sep-solid\" style=\"border-color:#000000;\"><\/div><\/div><\/div><div class=\"fusion-image-element \" style=\"--awb-caption-title-font-family:var(--h2_typography-font-family);--awb-caption-title-font-weight:var(--h2_typography-font-weight);--awb-caption-title-font-style:var(--h2_typography-font-style);--awb-caption-title-size:var(--h2_typography-font-size);--awb-caption-title-transform:var(--h2_typography-text-transform);--awb-caption-title-line-height:var(--h2_typography-line-height);--awb-caption-title-letter-spacing:var(--h2_typography-letter-spacing);\"><span class=\" fusion-imageframe imageframe-none imageframe-1 hover-type-none fusion-animated\" data-animationType=\"fadeInLeft\" data-animationDuration=\"0.3\" data-animationOffset=\"top-into-view\"><img decoding=\"async\" width=\"800\" height=\"450\" alt=\"Encadrement avec double passe-partout dans un cadre aluminium\" title=\"Vignette-encadrement-passe-partout-800x450px\" src=\"https:\/\/lecadreblanc.fr\/wp-content\/uploads\/2020\/11\/Vignette-encadrement-passe-partout-800x450px.jpg\" class=\"img-responsive wp-image-64\" srcset=\"https:\/\/lecadreblanc.fr\/wp-content\/uploads\/2020\/11\/Vignette-encadrement-passe-partout-800x450px-200x113.jpg 200w, https:\/\/lecadreblanc.fr\/wp-content\/uploads\/2020\/11\/Vignette-encadrement-passe-partout-800x450px-400x225.jpg 400w, https:\/\/lecadreblanc.fr\/wp-content\/uploads\/2020\/11\/Vignette-encadrement-passe-partout-800x450px-600x338.jpg 600w, https:\/\/lecadreblanc.fr\/wp-content\/uploads\/2020\/11\/Vignette-encadrement-passe-partout-800x450px.jpg 800w\" sizes=\"(max-width: 640px) 100vw, 600px\" \/><\/span><\/div><\/div><\/div><div class=\"fusion-layout-column fusion_builder_column fusion-builder-column-1 fusion_builder_column_1_2 1_2 fusion-flex-column\" style=\"--awb-bg-size:cover;--awb-width-large:50%;--awb-margin-top-large:0px;--awb-spacing-right-large:3.84%;--awb-margin-bottom-large:20px;--awb-spacing-left-large:3.84%;--awb-width-medium:50%;--awb-order-medium:0;--awb-spacing-right-medium:3.84%;--awb-spacing-left-medium:3.84%;--awb-width-small:100%;--awb-order-small:0;--awb-spacing-right-small:1.92%;--awb-spacing-left-small:1.92%;\"><div class=\"fusion-column-wrapper fusion-column-has-shadow fusion-flex-justify-content-flex-start fusion-content-layout-column\"><div class=\"fusion-title title fusion-title-2 fusion-title-text fusion-title-size-three\" style=\"--awb-text-color:#000000;--awb-sep-color:#000000;\"><div class=\"title-sep-container title-sep-container-left fusion-no-large-visibility fusion-no-medium-visibility fusion-no-small-visibility\"><div class=\"title-sep sep-single sep-solid\" style=\"border-color:#000000;\"><\/div><\/div><span class=\"awb-title-spacer fusion-no-large-visibility fusion-no-medium-visibility fusion-no-small-visibility\"><\/span><h3 class=\"fusion-title-heading title-heading-left\" style=\"margin:0;\"><p>Encadrement rehauss\u00e9 &#8211; \u201cPlein Cadre\u201d<\/p>\n<div id=\"rtcc-nm-installed\"><\/div>\n<div id=\"rtcc-nm-installed\"><\/div>\n<div id=\"rtcc-nm-installed\"><\/div>\n<div id=\"rtcc-nm-installed\"><\/div><\/h3><span class=\"awb-title-spacer\"><\/span><div class=\"title-sep-container title-sep-container-right\"><div class=\"title-sep sep-single sep-solid\" style=\"border-color:#000000;\"><\/div><\/div><\/div><div class=\"fusion-image-element \" style=\"--awb-caption-title-font-family:var(--h2_typography-font-family);--awb-caption-title-font-weight:var(--h2_typography-font-weight);--awb-caption-title-font-style:var(--h2_typography-font-style);--awb-caption-title-size:var(--h2_typography-font-size);--awb-caption-title-transform:var(--h2_typography-text-transform);--awb-caption-title-line-height:var(--h2_typography-line-height);--awb-caption-title-letter-spacing:var(--h2_typography-letter-spacing);\"><span class=\" fusion-imageframe imageframe-none imageframe-2 hover-type-none fusion-animated\" data-animationType=\"fadeInLeft\" data-animationDuration=\"0.3\" data-animationOffset=\"top-into-view\"><img decoding=\"async\" width=\"800\" height=\"450\" alt=\"Encadrement plein cadre aluminium avec r\u00e9hausse et verre mus\u00e9e True Color UV70\" title=\"Vignette-encadrement-plein-cadre-800x450px\" src=\"https:\/\/lecadreblanc.fr\/wp-content\/uploads\/2021\/03\/Vignette-encadrement-plein-cadre-800x450px.jpg\" class=\"img-responsive wp-image-71\" srcset=\"https:\/\/lecadreblanc.fr\/wp-content\/uploads\/2021\/03\/Vignette-encadrement-plein-cadre-800x450px-200x113.jpg 200w, https:\/\/lecadreblanc.fr\/wp-content\/uploads\/2021\/03\/Vignette-encadrement-plein-cadre-800x450px-400x225.jpg 400w, https:\/\/lecadreblanc.fr\/wp-content\/uploads\/2021\/03\/Vignette-encadrement-plein-cadre-800x450px-600x338.jpg 600w, https:\/\/lecadreblanc.fr\/wp-content\/uploads\/2021\/03\/Vignette-encadrement-plein-cadre-800x450px.jpg 800w\" sizes=\"(max-width: 640px) 100vw, 600px\" \/><\/span><\/div><\/div><\/div><div class=\"fusion-layout-column fusion_builder_column fusion-builder-column-2 fusion_builder_column_1_2 1_2 fusion-flex-column\" style=\"--awb-bg-size:cover;--awb-width-large:50%;--awb-margin-top-large:0px;--awb-spacing-right-large:3.84%;--awb-margin-bottom-large:20px;--awb-spacing-left-large:3.84%;--awb-width-medium:50%;--awb-order-medium:0;--awb-spacing-right-medium:3.84%;--awb-spacing-left-medium:3.84%;--awb-width-small:100%;--awb-order-small:0;--awb-spacing-right-small:1.92%;--awb-spacing-left-small:1.92%;\"><div class=\"fusion-column-wrapper fusion-column-has-shadow fusion-flex-justify-content-flex-start fusion-content-layout-column\"><div class=\"fusion-title title fusion-title-3 fusion-title-text fusion-title-size-three\" style=\"--awb-text-color:#000000;--awb-sep-color:#000000;\"><div class=\"title-sep-container title-sep-container-left fusion-no-large-visibility fusion-no-medium-visibility fusion-no-small-visibility\"><div class=\"title-sep sep-single sep-solid\" style=\"border-color:#000000;\"><\/div><\/div><span class=\"awb-title-spacer fusion-no-large-visibility fusion-no-medium-visibility fusion-no-small-visibility\"><\/span><h3 class=\"fusion-title-heading title-heading-left\" style=\"margin:0;\"><p><span style=\"color: #800000;\"><a style=\"color: #800000;\" href=\"https:\/\/lecadreblanc.fr\/index.php\/caisse-americaine-contemporain\/\">Caisse Am\u00e9ricaine &#8211; \u201cContemporain\u201d<\/a><\/span><\/p>\n<div id=\"rtcc-nm-installed\"><\/div>\n<div id=\"rtcc-nm-installed\"><\/div>\n<div id=\"rtcc-nm-installed\"><\/div><\/h3><span class=\"awb-title-spacer\"><\/span><div class=\"title-sep-container title-sep-container-right\"><div class=\"title-sep sep-single sep-solid\" style=\"border-color:#000000;\"><\/div><\/div><\/div><div class=\"fusion-image-element \" style=\"--awb-caption-title-font-family:var(--h2_typography-font-family);--awb-caption-title-font-weight:var(--h2_typography-font-weight);--awb-caption-title-font-style:var(--h2_typography-font-style);--awb-caption-title-size:var(--h2_typography-font-size);--awb-caption-title-transform:var(--h2_typography-text-transform);--awb-caption-title-line-height:var(--h2_typography-line-height);--awb-caption-title-letter-spacing:var(--h2_typography-letter-spacing);\"><span class=\" fusion-imageframe imageframe-none imageframe-3 hover-type-none fusion-animated\" data-animationType=\"fadeInLeft\" data-animationDuration=\"0.3\" data-animationOffset=\"top-into-view\"><img decoding=\"async\" width=\"800\" height=\"450\" alt=\"Encadrement d&#039;une \u0153uvre en caisse am\u00e9ricaine aluminium\" title=\"Vignette-encadrement-caisse-ame\u0301ricaine-contemporaine-800x450px\" src=\"https:\/\/lecadreblanc.fr\/wp-content\/uploads\/2021\/03\/Vignette-encadrement-caisse-ame\u0301ricaine-contemporaine-800x450px.jpg\" class=\"img-responsive wp-image-75\" srcset=\"https:\/\/lecadreblanc.fr\/wp-content\/uploads\/2021\/03\/Vignette-encadrement-caisse-ame\u0301ricaine-contemporaine-800x450px-200x113.jpg 200w, https:\/\/lecadreblanc.fr\/wp-content\/uploads\/2021\/03\/Vignette-encadrement-caisse-ame\u0301ricaine-contemporaine-800x450px-400x225.jpg 400w, https:\/\/lecadreblanc.fr\/wp-content\/uploads\/2021\/03\/Vignette-encadrement-caisse-ame\u0301ricaine-contemporaine-800x450px-600x338.jpg 600w, https:\/\/lecadreblanc.fr\/wp-content\/uploads\/2021\/03\/Vignette-encadrement-caisse-ame\u0301ricaine-contemporaine-800x450px.jpg 800w\" sizes=\"(max-width: 640px) 100vw, 600px\" \/><\/span><\/div><\/div><\/div><div class=\"fusion-layout-column fusion_builder_column fusion-builder-column-3 fusion_builder_column_1_2 1_2 fusion-flex-column\" style=\"--awb-bg-size:cover;--awb-width-large:50%;--awb-margin-top-large:0px;--awb-spacing-right-large:3.84%;--awb-margin-bottom-large:20px;--awb-spacing-left-large:3.84%;--awb-width-medium:50%;--awb-order-medium:0;--awb-spacing-right-medium:3.84%;--awb-spacing-left-medium:3.84%;--awb-width-small:100%;--awb-order-small:0;--awb-spacing-right-small:1.92%;--awb-spacing-left-small:1.92%;\"><div class=\"fusion-column-wrapper fusion-column-has-shadow fusion-flex-justify-content-flex-start fusion-content-layout-column\"><div class=\"fusion-title title fusion-title-4 fusion-title-text fusion-title-size-three\" style=\"--awb-text-color:#000000;--awb-sep-color:#000000;\"><div class=\"title-sep-container title-sep-container-left fusion-no-large-visibility fusion-no-medium-visibility fusion-no-small-visibility\"><div class=\"title-sep sep-single sep-solid\" style=\"border-color:#000000;\"><\/div><\/div><span class=\"awb-title-spacer fusion-no-large-visibility fusion-no-medium-visibility fusion-no-small-visibility\"><\/span><h3 class=\"fusion-title-heading title-heading-left\" style=\"margin:0;\"><p><span style=\"color: #800000;\"><a style=\"color: #800000;\" href=\"https:\/\/lecadreblanc.fr\/index.php\/encadrement-en-oeuvre-flottante\/\">\u0152uvre flottante &#8211; \u201cA\u00e9rien\u201d<\/a><\/span><\/p>\n<div id=\"rtcc-nm-installed\"><\/div>\n<div id=\"rtcc-nm-installed\"><\/div>\n<div id=\"rtcc-nm-installed\"><\/div><\/h3><span class=\"awb-title-spacer\"><\/span><div class=\"title-sep-container title-sep-container-right\"><div class=\"title-sep sep-single sep-solid\" style=\"border-color:#000000;\"><\/div><\/div><\/div><div class=\"fusion-image-element \" style=\"--awb-caption-title-font-family:var(--h2_typography-font-family);--awb-caption-title-font-weight:var(--h2_typography-font-weight);--awb-caption-title-font-style:var(--h2_typography-font-style);--awb-caption-title-size:var(--h2_typography-font-size);--awb-caption-title-transform:var(--h2_typography-text-transform);--awb-caption-title-line-height:var(--h2_typography-line-height);--awb-caption-title-letter-spacing:var(--h2_typography-letter-spacing);\"><span class=\" fusion-imageframe imageframe-none imageframe-4 hover-type-none fusion-animated\" data-animationType=\"fadeInLeft\" data-animationDuration=\"0.3\" data-animationOffset=\"top-into-view\"><img decoding=\"async\" width=\"800\" height=\"450\" alt=\"Pr\u00e9sentation d&#039;une \u0153uvre en encadrement flottant, tir\u00e9e sur Awagami Bizan, un papier japonais fait \u00e0 la main\" title=\"Vignette-encadrement-oeuvre-flottante-800x450px\" src=\"https:\/\/lecadreblanc.fr\/wp-content\/uploads\/2021\/03\/Vignette-encadrement-oeuvre-flottante-800x450px.jpg\" class=\"img-responsive wp-image-73\" srcset=\"https:\/\/lecadreblanc.fr\/wp-content\/uploads\/2021\/03\/Vignette-encadrement-oeuvre-flottante-800x450px-200x113.jpg 200w, https:\/\/lecadreblanc.fr\/wp-content\/uploads\/2021\/03\/Vignette-encadrement-oeuvre-flottante-800x450px-400x225.jpg 400w, https:\/\/lecadreblanc.fr\/wp-content\/uploads\/2021\/03\/Vignette-encadrement-oeuvre-flottante-800x450px-600x338.jpg 600w, https:\/\/lecadreblanc.fr\/wp-content\/uploads\/2021\/03\/Vignette-encadrement-oeuvre-flottante-800x450px.jpg 800w\" sizes=\"(max-width: 640px) 100vw, 600px\" \/><\/span><\/div><\/div><\/div><\/div><\/div><div class=\"fusion-fullwidth fullwidth-box fusion-builder-row-2 fusion-flex-container nonhundred-percent-fullwidth non-hundred-percent-height-scrolling\" style=\"--awb-border-radius-top-left:0px;--awb-border-radius-top-right:0px;--awb-border-radius-bottom-right:0px;--awb-border-radius-bottom-left:0px;--awb-flex-wrap:wrap;\" ><div class=\"fusion-builder-row fusion-row fusion-flex-align-items-flex-start fusion-flex-content-wrap\" style=\"max-width:1216.8px;margin-left: calc(-4% \/ 2 );margin-right: calc(-4% \/ 2 );\"><div class=\"fusion-layout-column fusion_builder_column fusion-builder-column-4 fusion_builder_column_1_1 1_1 fusion-flex-column\" style=\"--awb-bg-size:cover;--awb-width-large:100%;--awb-margin-top-large:0px;--awb-spacing-right-large:1.92%;--awb-margin-bottom-large:20px;--awb-spacing-left-large:1.92%;--awb-width-medium:100%;--awb-order-medium:0;--awb-spacing-right-medium:1.92%;--awb-spacing-left-medium:1.92%;--awb-width-small:100%;--awb-order-small:0;--awb-spacing-right-small:1.92%;--awb-spacing-left-small:1.92%;\"><div class=\"fusion-column-wrapper fusion-column-has-shadow fusion-flex-justify-content-flex-start fusion-content-layout-column\"><div class=\"fusion-recent-posts fusion-recent-posts-1 avada-container layout-default layout-columns-3\"><section class=\"fusion-columns columns fusion-columns-3 columns-3\"><article class=\"post fusion-column column col col-lg-4 col-md-4 col-sm-4\"><div class=\"recent-posts-content\"><span class=\"vcard\" style=\"display: none;\"><span class=\"fn\"><a href=\"https:\/\/lecadreblanc.fr\/index.php\/author\/james\/\" title=\"Articles par James Vil\" rel=\"author\">James Vil<\/a><\/span><\/span><span class=\"updated\" style=\"display:none;\">2021-05-07T10:32:44+01:00<\/span><h4 class=\"entry-title\"><a href=\"https:\/\/lecadreblanc.fr\/index.php\/2021\/05\/07\/le-verre\/\">Le verre<\/a><\/h4><p class=\"meta\"><span class=\"vcard\" style=\"display: none;\"><span class=\"fn\"><a href=\"https:\/\/lecadreblanc.fr\/index.php\/author\/james\/\" title=\"Articles par James Vil\" rel=\"author\">James Vil<\/a><\/span><\/span><span class=\"updated\" style=\"display:none;\">2021-05-07T10:32:44+01:00<\/span><\/p><p>C\u2019est la face visible de l\u2019encadrement, il permet de prot\u00e9ger m\u00e9caniquement l\u2019\u0153uvre des rayures, des projections ou encore des poussi\u00e8res et de filtrer une partie des UV. Il est pos\u00e9 sur le passe-partout ou bien [...]<\/p><\/div><\/article><article class=\"post fusion-column column col col-lg-4 col-md-4 col-sm-4\"><div class=\"recent-posts-content\"><span class=\"vcard\" style=\"display: none;\"><span class=\"fn\"><a href=\"https:\/\/lecadreblanc.fr\/index.php\/author\/james\/\" title=\"Articles par James Vil\" rel=\"author\">James Vil<\/a><\/span><\/span><span class=\"updated\" style=\"display:none;\">2021-05-07T10:32:51+01:00<\/span><h4 class=\"entry-title\"><a href=\"https:\/\/lecadreblanc.fr\/index.php\/2021\/05\/07\/la-finition-portefeuille\/\">La finition portefeuille<\/a><\/h4><p class=\"meta\"><span class=\"vcard\" style=\"display: none;\"><span class=\"fn\"><a href=\"https:\/\/lecadreblanc.fr\/index.php\/author\/james\/\" title=\"Articles par James Vil\" rel=\"author\">James Vil<\/a><\/span><\/span><span class=\"updated\" style=\"display:none;\">2021-05-07T10:32:51+01:00<\/span><\/p><p>La finition portefeuille est compos\u00e9e d\u2019un support et d\u2019un passe-partout, l\u2019\u0153uvre est fix\u00e9e sur le support tandis que le passe-partout est pos\u00e9 sur celle-ci. Elle tire son nom de la mani\u00e8re dont elle s\u2019ouvre, le [...]<\/p><\/div><\/article><article class=\"post fusion-column column col col-lg-4 col-md-4 col-sm-4\"><div class=\"recent-posts-content\"><span class=\"vcard\" style=\"display: none;\"><span class=\"fn\"><a href=\"https:\/\/lecadreblanc.fr\/index.php\/author\/james\/\" title=\"Articles par James Vil\" rel=\"author\">James Vil<\/a><\/span><\/span><span class=\"updated\" style=\"display:none;\">2021-05-07T10:32:58+01:00<\/span><h4 class=\"entry-title\"><a href=\"https:\/\/lecadreblanc.fr\/index.php\/2021\/05\/07\/le-support-de-loeuvre\/\">Le support de l&rsquo;\u0153uvre<\/a><\/h4><p class=\"meta\"><span class=\"vcard\" style=\"display: none;\"><span class=\"fn\"><a href=\"https:\/\/lecadreblanc.fr\/index.php\/author\/james\/\" title=\"Articles par James Vil\" rel=\"author\">James Vil<\/a><\/span><\/span><span class=\"updated\" style=\"display:none;\">2021-05-07T10:32:58+01:00<\/span><\/p><p>Le support de l\u2019\u0153uvre est un carton rigide permettant de soutenir l\u2019image, il est g\u00e9n\u00e9ralement assembl\u00e9 avec un passe-partout pour former ce que l\u2019on appelle un portefeuille. C\u2019est sur le support qu\u2019est fix\u00e9e l\u2019\u0153uvre, celui-ci [...]<\/p><\/div><\/article><\/section><\/div><\/div><\/div><\/div><\/div><\/p>\n","protected":false},"excerpt":{"rendered":"","protected":false},"author":2,"featured_media":0,"parent":0,"menu_order":0,"comment_status":"closed","ping_status":"closed","template":"","meta":{"footnotes":""},"yoast_head":"<!-- This site is optimized with the Yoast SEO plugin v22.7 - https:\/\/yoast.com\/wordpress\/plugins\/seo\/ -->\n<title>Accueil Atelier - Le Cadre Blanc - Encadrement sur mesure<\/title>\n<meta name=\"description\" content=\"Encadrement d&#039;Art sur mesure. Bois, aluminium, encadrement avec passe-partout sur mesure, verre mus\u00e9e invisible, caisse am\u00e9ricaine...\" \/>\n<meta name=\"robots\" content=\"index, follow, max-snippet:-1, max-image-preview:large, max-video-preview:-1\" \/>\n<link rel=\"canonical\" href=\"https:\/\/lecadreblanc.fr\/\" \/>\n<meta property=\"og:locale\" content=\"fr_FR\" \/>\n<meta property=\"og:type\" content=\"article\" \/>\n<meta property=\"og:title\" content=\"Accueil Atelier - Le Cadre Blanc - Encadrement sur mesure\" \/>\n<meta property=\"og:description\" content=\"Encadrement d&#039;Art sur mesure. Bois, aluminium, encadrement avec passe-partout sur mesure, verre mus\u00e9e invisible, caisse am\u00e9ricaine...\" \/>\n<meta property=\"og:url\" content=\"https:\/\/lecadreblanc.fr\/\" \/>\n<meta property=\"og:site_name\" content=\"Le Cadre Blanc - Encadrement sur mesure\" \/>\n<meta property=\"article:modified_time\" content=\"2021-05-07T14:47:10+00:00\" \/>\n<meta name=\"twitter:card\" content=\"summary_large_image\" \/>\n<meta name=\"twitter:label1\" content=\"Dur\u00e9e de lecture estim\u00e9e\" \/>\n\t<meta name=\"twitter:data1\" content=\"14 minutes\" \/>\n<script type=\"application\/ld+json\" class=\"yoast-schema-graph\">{\"@context\":\"https:\/\/schema.org\",\"@graph\":[{\"@type\":\"WebPage\",\"@id\":\"https:\/\/lecadreblanc.fr\/\",\"url\":\"https:\/\/lecadreblanc.fr\/\",\"name\":\"Accueil Atelier - Le Cadre Blanc - Encadrement sur mesure\",\"isPartOf\":{\"@id\":\"https:\/\/lecadreblanc.fr\/#website\"},\"datePublished\":\"2020-11-18T14:25:05+00:00\",\"dateModified\":\"2021-05-07T14:47:10+00:00\",\"description\":\"Encadrement d'Art sur mesure. Bois, aluminium, encadrement avec passe-partout sur mesure, verre mus\u00e9e invisible, caisse am\u00e9ricaine...\",\"breadcrumb\":{\"@id\":\"https:\/\/lecadreblanc.fr\/#breadcrumb\"},\"inLanguage\":\"fr-FR\",\"potentialAction\":[{\"@type\":\"ReadAction\",\"target\":[\"https:\/\/lecadreblanc.fr\/\"]}]},{\"@type\":\"BreadcrumbList\",\"@id\":\"https:\/\/lecadreblanc.fr\/#breadcrumb\",\"itemListElement\":[{\"@type\":\"ListItem\",\"position\":1,\"name\":\"Home\",\"item\":\"https:\/\/lecadreblanc.fr\/\"},{\"@type\":\"ListItem\",\"position\":2,\"name\":\"Accueil Atelier\"}]},{\"@type\":\"WebSite\",\"@id\":\"https:\/\/lecadreblanc.fr\/#website\",\"url\":\"https:\/\/lecadreblanc.fr\/\",\"name\":\"Le Cadre Blanc - Encadrement sur mesure\",\"description\":\"Encadrement d&#039;Art sur mesure - La passion de l&#039;exigence\",\"potentialAction\":[{\"@type\":\"SearchAction\",\"target\":{\"@type\":\"EntryPoint\",\"urlTemplate\":\"https:\/\/lecadreblanc.fr\/?s={search_term_string}\"},\"query-input\":\"required name=search_term_string\"}],\"inLanguage\":\"fr-FR\"}]}<\/script>\n<!-- \/ Yoast SEO plugin. -->","yoast_head_json":{"title":"Accueil Atelier - Le Cadre Blanc - Encadrement sur mesure","description":"Encadrement d'Art sur mesure. Bois, aluminium, encadrement avec passe-partout sur mesure, verre mus\u00e9e invisible, caisse am\u00e9ricaine...","robots":{"index":"index","follow":"follow","max-snippet":"max-snippet:-1","max-image-preview":"max-image-preview:large","max-video-preview":"max-video-preview:-1"},"canonical":"https:\/\/lecadreblanc.fr\/","og_locale":"fr_FR","og_type":"article","og_title":"Accueil Atelier - Le Cadre Blanc - Encadrement sur mesure","og_description":"Encadrement d'Art sur mesure. Bois, aluminium, encadrement avec passe-partout sur mesure, verre mus\u00e9e invisible, caisse am\u00e9ricaine...","og_url":"https:\/\/lecadreblanc.fr\/","og_site_name":"Le Cadre Blanc - Encadrement sur mesure","article_modified_time":"2021-05-07T14:47:10+00:00","twitter_card":"summary_large_image","twitter_misc":{"Dur\u00e9e de lecture estim\u00e9e":"14 minutes"},"schema":{"@context":"https:\/\/schema.org","@graph":[{"@type":"WebPage","@id":"https:\/\/lecadreblanc.fr\/","url":"https:\/\/lecadreblanc.fr\/","name":"Accueil Atelier - Le Cadre Blanc - Encadrement sur mesure","isPartOf":{"@id":"https:\/\/lecadreblanc.fr\/#website"},"datePublished":"2020-11-18T14:25:05+00:00","dateModified":"2021-05-07T14:47:10+00:00","description":"Encadrement d'Art sur mesure. Bois, aluminium, encadrement avec passe-partout sur mesure, verre mus\u00e9e invisible, caisse am\u00e9ricaine...","breadcrumb":{"@id":"https:\/\/lecadreblanc.fr\/#breadcrumb"},"inLanguage":"fr-FR","potentialAction":[{"@type":"ReadAction","target":["https:\/\/lecadreblanc.fr\/"]}]},{"@type":"BreadcrumbList","@id":"https:\/\/lecadreblanc.fr\/#breadcrumb","itemListElement":[{"@type":"ListItem","position":1,"name":"Home","item":"https:\/\/lecadreblanc.fr\/"},{"@type":"ListItem","position":2,"name":"Accueil Atelier"}]},{"@type":"WebSite","@id":"https:\/\/lecadreblanc.fr\/#website","url":"https:\/\/lecadreblanc.fr\/","name":"Le Cadre Blanc - Encadrement sur mesure","description":"Encadrement d&#039;Art sur mesure - La passion de l&#039;exigence","potentialAction":[{"@type":"SearchAction","target":{"@type":"EntryPoint","urlTemplate":"https:\/\/lecadreblanc.fr\/?s={search_term_string}"},"query-input":"required name=search_term_string"}],"inLanguage":"fr-FR"}]}},"_links":{"self":[{"href":"https:\/\/lecadreblanc.fr\/index.php\/wp-json\/wp\/v2\/pages\/17"}],"collection":[{"href":"https:\/\/lecadreblanc.fr\/index.php\/wp-json\/wp\/v2\/pages"}],"about":[{"href":"https:\/\/lecadreblanc.fr\/index.php\/wp-json\/wp\/v2\/types\/page"}],"author":[{"embeddable":true,"href":"https:\/\/lecadreblanc.fr\/index.php\/wp-json\/wp\/v2\/users\/2"}],"replies":[{"embeddable":true,"href":"https:\/\/lecadreblanc.fr\/index.php\/wp-json\/wp\/v2\/comments?post=17"}],"version-history":[{"count":37,"href":"https:\/\/lecadreblanc.fr\/index.php\/wp-json\/wp\/v2\/pages\/17\/revisions"}],"predecessor-version":[{"id":231,"href":"https:\/\/lecadreblanc.fr\/index.php\/wp-json\/wp\/v2\/pages\/17\/revisions\/231"}],"wp:attachment":[{"href":"https:\/\/lecadreblanc.fr\/index.php\/wp-json\/wp\/v2\/media?parent=17"}],"curies":[{"name":"wp","href":"https:\/\/api.w.org\/{rel}","templated":true}]}}