{"id":105,"date":"2021-03-26T16:21:27","date_gmt":"2021-03-26T16:21:27","guid":{"rendered":"https:\/\/lecadreblanc.fr\/?page_id=105"},"modified":"2021-03-29T07:27:34","modified_gmt":"2021-03-29T07:27:34","slug":"encadrement-en-oeuvre-flottante","status":"publish","type":"page","link":"https:\/\/lecadreblanc.fr\/index.php\/encadrement-en-oeuvre-flottante\/","title":{"rendered":"Encadrement en \u0153uvre flottante"},"content":{"rendered":"<div class=\"fusion-fullwidth fullwidth-box fusion-builder-row-1 fusion-flex-container nonhundred-percent-fullwidth non-hundred-percent-height-scrolling\" style=\"--awb-border-radius-top-left:0px;--awb-border-radius-top-right:0px;--awb-border-radius-bottom-right:0px;--awb-border-radius-bottom-left:0px;--awb-flex-wrap:wrap;\" ><div class=\"fusion-builder-row fusion-row fusion-flex-align-items-flex-start fusion-flex-content-wrap\" style=\"max-width:1216.8px;margin-left: calc(-4% \/ 2 );margin-right: calc(-4% \/ 2 );\"><div class=\"fusion-layout-column fusion_builder_column fusion-builder-column-0 fusion_builder_column_1_1 1_1 fusion-flex-column\" style=\"--awb-bg-size:cover;--awb-width-large:100%;--awb-margin-top-large:0px;--awb-spacing-right-large:1.92%;--awb-margin-bottom-large:0px;--awb-spacing-left-large:1.92%;--awb-width-medium:100%;--awb-spacing-right-medium:1.92%;--awb-spacing-left-medium:1.92%;--awb-width-small:100%;--awb-spacing-right-small:1.92%;--awb-spacing-left-small:1.92%;\"><div class=\"fusion-column-wrapper fusion-flex-justify-content-flex-start fusion-content-layout-column\"><div class=\"fusion-text fusion-text-1\"><div id=\"rtcc-nm-installed\"><\/div>\n<\/div><div class=\"fusion-text fusion-text-2\"><p>Tel un bijou pr\u00e9cieux, l\u2019\u0153uvre flotte dans son \u00e9crin. Particuli\u00e8rement adapt\u00e9 aux papiers pr\u00e9cieux, ce type d\u2019encadrement donne au sujet une sensation d\u2019apesanteur, de profondeur et de l\u00e9g\u00e8ret\u00e9.<\/p>\n<p>Une technique d\u2019encadrement tr\u00e8s contemporaine convenant \u00e0 des photographies, gravures, lithographies et petits objets.<\/p>\n<p>Afin de respecter certaines r\u00e8gles et contraintes d\u2019encadrement, nous vous apporterons notre expertise sur les possibilit\u00e9s de r\u00e9alisation.<\/p>\n<div id=\"rtcc-nm-installed\"><\/div>\n<\/div><\/div><\/div><div class=\"fusion-layout-column fusion_builder_column fusion-builder-column-1 fusion_builder_column_1_3 1_3 fusion-flex-column\" style=\"--awb-bg-size:cover;--awb-width-large:33.333333333333%;--awb-margin-top-large:0px;--awb-spacing-right-large:5.76%;--awb-margin-bottom-large:20px;--awb-spacing-left-large:5.76%;--awb-width-medium:33.333333333333%;--awb-order-medium:0;--awb-spacing-right-medium:5.76%;--awb-spacing-left-medium:5.76%;--awb-width-small:100%;--awb-order-small:0;--awb-spacing-right-small:1.92%;--awb-spacing-left-small:1.92%;\"><div class=\"fusion-column-wrapper fusion-column-has-shadow fusion-flex-justify-content-flex-start fusion-content-layout-column\"><a class=\"awb-lightbox awb-lightbox-1\" href=\"https:\/\/lecadreblanc.fr\/wp-content\/uploads\/2021\/03\/Pre\u0301paration-encadrement-avec-oeuvre-flottante.jpg\" data-rel=\"iLightbox\"><img decoding=\"async\" src=\"https:\/\/lecadreblanc.fr\/wp-content\/uploads\/2021\/03\/Pre\u0301paration-encadrement-avec-oeuvre-flottante.jpg\"><\/a><\/div><\/div><div class=\"fusion-layout-column fusion_builder_column fusion-builder-column-2 fusion_builder_column_1_3 1_3 fusion-flex-column\" style=\"--awb-bg-size:cover;--awb-width-large:33.333333333333%;--awb-margin-top-large:0px;--awb-spacing-right-large:5.76%;--awb-margin-bottom-large:20px;--awb-spacing-left-large:5.76%;--awb-width-medium:33.333333333333%;--awb-order-medium:0;--awb-spacing-right-medium:5.76%;--awb-spacing-left-medium:5.76%;--awb-width-small:100%;--awb-order-small:0;--awb-spacing-right-small:1.92%;--awb-spacing-left-small:1.92%;\"><div class=\"fusion-column-wrapper fusion-column-has-shadow fusion-flex-justify-content-flex-start fusion-content-layout-column\"><a class=\"awb-lightbox awb-lightbox-2\" href=\"https:\/\/lecadreblanc.fr\/wp-content\/uploads\/2021\/03\/Encadrement-avec-oeuvre-flottante-Antonio-Gaudencio.jpg\" data-rel=\"iLightbox\"><img decoding=\"async\" src=\"https:\/\/lecadreblanc.fr\/wp-content\/uploads\/2021\/03\/Encadrement-avec-oeuvre-flottante-Antonio-Gaudencio.jpg\"><\/a><\/div><\/div><div class=\"fusion-layout-column fusion_builder_column fusion-builder-column-3 fusion_builder_column_1_3 1_3 fusion-flex-column\" style=\"--awb-bg-size:cover;--awb-width-large:33.333333333333%;--awb-margin-top-large:0px;--awb-spacing-right-large:5.76%;--awb-margin-bottom-large:20px;--awb-spacing-left-large:5.76%;--awb-width-medium:33.333333333333%;--awb-order-medium:0;--awb-spacing-right-medium:5.76%;--awb-spacing-left-medium:5.76%;--awb-width-small:100%;--awb-order-small:0;--awb-spacing-right-small:1.92%;--awb-spacing-left-small:1.92%;\"><div class=\"fusion-column-wrapper fusion-column-has-shadow fusion-flex-justify-content-flex-start fusion-content-layout-column\"><a class=\"awb-lightbox awb-lightbox-3\" href=\"https:\/\/lecadreblanc.fr\/wp-content\/uploads\/2021\/03\/Encadrement-avec-oeuvre-flottante-Antonio-Gaudencio-2.jpg\" data-rel=\"iLightbox\"><img decoding=\"async\" src=\"https:\/\/lecadreblanc.fr\/wp-content\/uploads\/2021\/03\/Encadrement-avec-oeuvre-flottante-Antonio-Gaudencio-2.jpg\"><\/a><\/div><\/div><\/div><\/div>\n","protected":false},"excerpt":{"rendered":"","protected":false},"author":2,"featured_media":0,"parent":0,"menu_order":0,"comment_status":"closed","ping_status":"closed","template":"","meta":{"footnotes":""},"yoast_head":"<!-- This site is optimized with the Yoast SEO plugin v22.7 - https:\/\/yoast.com\/wordpress\/plugins\/seo\/ -->\n<title>Encadrement en \u0153uvre flottante - Le Cadre Blanc - Encadrement sur mesure<\/title>\n<meta name=\"robots\" content=\"index, follow, max-snippet:-1, max-image-preview:large, max-video-preview:-1\" \/>\n<link rel=\"canonical\" href=\"https:\/\/lecadreblanc.fr\/index.php\/encadrement-en-oeuvre-flottante\/\" \/>\n<meta property=\"og:locale\" content=\"fr_FR\" \/>\n<meta property=\"og:type\" content=\"article\" \/>\n<meta property=\"og:title\" content=\"Encadrement en \u0153uvre flottante - Le Cadre Blanc - Encadrement sur mesure\" \/>\n<meta property=\"og:url\" content=\"https:\/\/lecadreblanc.fr\/index.php\/encadrement-en-oeuvre-flottante\/\" \/>\n<meta property=\"og:site_name\" content=\"Le Cadre Blanc - Encadrement sur mesure\" \/>\n<meta property=\"article:modified_time\" content=\"2021-03-29T07:27:34+00:00\" \/>\n<meta property=\"og:image\" content=\"https:\/\/lecadreblanc.fr\/wp-content\/uploads\/2021\/03\/Encadrement-avec-oeuvre-flottante-Antonio-Gaudencio.jpg\" \/>\n<meta name=\"twitter:card\" content=\"summary_large_image\" \/>\n<meta name=\"twitter:label1\" content=\"Dur\u00e9e de lecture estim\u00e9e\" \/>\n\t<meta name=\"twitter:data1\" content=\"5 minutes\" \/>\n<script type=\"application\/ld+json\" class=\"yoast-schema-graph\">{\"@context\":\"https:\/\/schema.org\",\"@graph\":[{\"@type\":\"WebPage\",\"@id\":\"https:\/\/lecadreblanc.fr\/index.php\/encadrement-en-oeuvre-flottante\/\",\"url\":\"https:\/\/lecadreblanc.fr\/index.php\/encadrement-en-oeuvre-flottante\/\",\"name\":\"Encadrement en \u0153uvre flottante - Le Cadre Blanc - Encadrement sur mesure\",\"isPartOf\":{\"@id\":\"https:\/\/lecadreblanc.fr\/#website\"},\"primaryImageOfPage\":{\"@id\":\"https:\/\/lecadreblanc.fr\/index.php\/encadrement-en-oeuvre-flottante\/#primaryimage\"},\"image\":{\"@id\":\"https:\/\/lecadreblanc.fr\/index.php\/encadrement-en-oeuvre-flottante\/#primaryimage\"},\"thumbnailUrl\":\"https:\/\/lecadreblanc.fr\/wp-content\/uploads\/2021\/03\/Encadrement-avec-oeuvre-flottante-Antonio-Gaudencio.jpg\",\"datePublished\":\"2021-03-26T16:21:27+00:00\",\"dateModified\":\"2021-03-29T07:27:34+00:00\",\"breadcrumb\":{\"@id\":\"https:\/\/lecadreblanc.fr\/index.php\/encadrement-en-oeuvre-flottante\/#breadcrumb\"},\"inLanguage\":\"fr-FR\",\"potentialAction\":[{\"@type\":\"ReadAction\",\"target\":[\"https:\/\/lecadreblanc.fr\/index.php\/encadrement-en-oeuvre-flottante\/\"]}]},{\"@type\":\"ImageObject\",\"inLanguage\":\"fr-FR\",\"@id\":\"https:\/\/lecadreblanc.fr\/index.php\/encadrement-en-oeuvre-flottante\/#primaryimage\",\"url\":\"https:\/\/lecadreblanc.fr\/wp-content\/uploads\/2021\/03\/Encadrement-avec-oeuvre-flottante-Antonio-Gaudencio.jpg\",\"contentUrl\":\"https:\/\/lecadreblanc.fr\/wp-content\/uploads\/2021\/03\/Encadrement-avec-oeuvre-flottante-Antonio-Gaudencio.jpg\",\"width\":1600,\"height\":1067,\"caption\":\"Pr\u00e9sentation d'une \u0153uvre en encadrement flottant, tir\u00e9e sur Awagami Bizan, un papier japonais fait \u00e0 la main\"},{\"@type\":\"BreadcrumbList\",\"@id\":\"https:\/\/lecadreblanc.fr\/index.php\/encadrement-en-oeuvre-flottante\/#breadcrumb\",\"itemListElement\":[{\"@type\":\"ListItem\",\"position\":1,\"name\":\"Home\",\"item\":\"https:\/\/lecadreblanc.fr\/\"},{\"@type\":\"ListItem\",\"position\":2,\"name\":\"Encadrement en \u0153uvre flottante\"}]},{\"@type\":\"WebSite\",\"@id\":\"https:\/\/lecadreblanc.fr\/#website\",\"url\":\"https:\/\/lecadreblanc.fr\/\",\"name\":\"Le Cadre Blanc - Encadrement sur mesure\",\"description\":\"Encadrement d&#039;Art sur mesure - La passion de l&#039;exigence\",\"potentialAction\":[{\"@type\":\"SearchAction\",\"target\":{\"@type\":\"EntryPoint\",\"urlTemplate\":\"https:\/\/lecadreblanc.fr\/?s={search_term_string}\"},\"query-input\":\"required name=search_term_string\"}],\"inLanguage\":\"fr-FR\"}]}<\/script>\n<!-- \/ Yoast SEO plugin. -->","yoast_head_json":{"title":"Encadrement en \u0153uvre flottante - Le Cadre Blanc - Encadrement sur mesure","robots":{"index":"index","follow":"follow","max-snippet":"max-snippet:-1","max-image-preview":"max-image-preview:large","max-video-preview":"max-video-preview:-1"},"canonical":"https:\/\/lecadreblanc.fr\/index.php\/encadrement-en-oeuvre-flottante\/","og_locale":"fr_FR","og_type":"article","og_title":"Encadrement en \u0153uvre flottante - Le Cadre Blanc - Encadrement sur mesure","og_url":"https:\/\/lecadreblanc.fr\/index.php\/encadrement-en-oeuvre-flottante\/","og_site_name":"Le Cadre Blanc - Encadrement sur mesure","article_modified_time":"2021-03-29T07:27:34+00:00","og_image":[{"url":"https:\/\/lecadreblanc.fr\/wp-content\/uploads\/2021\/03\/Encadrement-avec-oeuvre-flottante-Antonio-Gaudencio.jpg"}],"twitter_card":"summary_large_image","twitter_misc":{"Dur\u00e9e de lecture estim\u00e9e":"5 minutes"},"schema":{"@context":"https:\/\/schema.org","@graph":[{"@type":"WebPage","@id":"https:\/\/lecadreblanc.fr\/index.php\/encadrement-en-oeuvre-flottante\/","url":"https:\/\/lecadreblanc.fr\/index.php\/encadrement-en-oeuvre-flottante\/","name":"Encadrement en \u0153uvre flottante - Le Cadre Blanc - Encadrement sur mesure","isPartOf":{"@id":"https:\/\/lecadreblanc.fr\/#website"},"primaryImageOfPage":{"@id":"https:\/\/lecadreblanc.fr\/index.php\/encadrement-en-oeuvre-flottante\/#primaryimage"},"image":{"@id":"https:\/\/lecadreblanc.fr\/index.php\/encadrement-en-oeuvre-flottante\/#primaryimage"},"thumbnailUrl":"https:\/\/lecadreblanc.fr\/wp-content\/uploads\/2021\/03\/Encadrement-avec-oeuvre-flottante-Antonio-Gaudencio.jpg","datePublished":"2021-03-26T16:21:27+00:00","dateModified":"2021-03-29T07:27:34+00:00","breadcrumb":{"@id":"https:\/\/lecadreblanc.fr\/index.php\/encadrement-en-oeuvre-flottante\/#breadcrumb"},"inLanguage":"fr-FR","potentialAction":[{"@type":"ReadAction","target":["https:\/\/lecadreblanc.fr\/index.php\/encadrement-en-oeuvre-flottante\/"]}]},{"@type":"ImageObject","inLanguage":"fr-FR","@id":"https:\/\/lecadreblanc.fr\/index.php\/encadrement-en-oeuvre-flottante\/#primaryimage","url":"https:\/\/lecadreblanc.fr\/wp-content\/uploads\/2021\/03\/Encadrement-avec-oeuvre-flottante-Antonio-Gaudencio.jpg","contentUrl":"https:\/\/lecadreblanc.fr\/wp-content\/uploads\/2021\/03\/Encadrement-avec-oeuvre-flottante-Antonio-Gaudencio.jpg","width":1600,"height":1067,"caption":"Pr\u00e9sentation d'une \u0153uvre en encadrement flottant, tir\u00e9e sur Awagami Bizan, un papier japonais fait \u00e0 la main"},{"@type":"BreadcrumbList","@id":"https:\/\/lecadreblanc.fr\/index.php\/encadrement-en-oeuvre-flottante\/#breadcrumb","itemListElement":[{"@type":"ListItem","position":1,"name":"Home","item":"https:\/\/lecadreblanc.fr\/"},{"@type":"ListItem","position":2,"name":"Encadrement en \u0153uvre flottante"}]},{"@type":"WebSite","@id":"https:\/\/lecadreblanc.fr\/#website","url":"https:\/\/lecadreblanc.fr\/","name":"Le Cadre Blanc - Encadrement sur mesure","description":"Encadrement d&#039;Art sur mesure - La passion de l&#039;exigence","potentialAction":[{"@type":"SearchAction","target":{"@type":"EntryPoint","urlTemplate":"https:\/\/lecadreblanc.fr\/?s={search_term_string}"},"query-input":"required name=search_term_string"}],"inLanguage":"fr-FR"}]}},"_links":{"self":[{"href":"https:\/\/lecadreblanc.fr\/index.php\/wp-json\/wp\/v2\/pages\/105"}],"collection":[{"href":"https:\/\/lecadreblanc.fr\/index.php\/wp-json\/wp\/v2\/pages"}],"about":[{"href":"https:\/\/lecadreblanc.fr\/index.php\/wp-json\/wp\/v2\/types\/page"}],"author":[{"embeddable":true,"href":"https:\/\/lecadreblanc.fr\/index.php\/wp-json\/wp\/v2\/users\/2"}],"replies":[{"embeddable":true,"href":"https:\/\/lecadreblanc.fr\/index.php\/wp-json\/wp\/v2\/comments?post=105"}],"version-history":[{"count":3,"href":"https:\/\/lecadreblanc.fr\/index.php\/wp-json\/wp\/v2\/pages\/105\/revisions"}],"predecessor-version":[{"id":111,"href":"https:\/\/lecadreblanc.fr\/index.php\/wp-json\/wp\/v2\/pages\/105\/revisions\/111"}],"wp:attachment":[{"href":"https:\/\/lecadreblanc.fr\/index.php\/wp-json\/wp\/v2\/media?parent=105"}],"curies":[{"name":"wp","href":"https:\/\/api.w.org\/{rel}","templated":true}]}}